{"id":16,"date":"2015-01-12T14:55:23","date_gmt":"2015-01-12T14:55:23","guid":{"rendered":"http:\/\/reformasherrero.com\/?page_id=16"},"modified":"2022-06-11T12:10:14","modified_gmt":"2022-06-11T12:10:14","slug":"reformas-herrero","status":"publish","type":"page","link":"http:\/\/reformasherrero.com\/","title":{"rendered":"REFORMAS HERRERO"},"content":{"rendered":"\n<div class=\"wp-block-group\"><div class=\"wp-block-group__inner-container is-layout-flow wp-block-group-is-layout-flow\">\n<p style=\"text-align: center;\"><strong>Tlf: 669 79 08 16<\/strong><\/p>\n<p style=\"text-align: center;\"><strong>E-mail: jose@reformasherrero.com<\/strong><\/p>\n<p><span style=\"color: #000000;\"><strong>PRESUPUESTO SIN COMPROMISO<\/strong><\/span><\/p>\n<p style=\"text-align: left;\"><span style=\"color: #800000;\"><strong>Alba\u00f1iler\u00eda en general.<\/strong><\/span><\/p>\n<p style=\"text-align: left;\"><strong><span style=\"color: #800000;\">Solados, alicatados, rectificados, yesos, enfoscado, tabiques, escayola plancha.<\/span><\/strong><\/p>\n<p style=\"text-align: left;\"><strong><span style=\"color: #800000;\">Moldura escayola, murales escayola, pladur en techos y paredes.<\/span><\/strong><\/p>\n<p style=\"text-align: left;\"><strong><span style=\"color: #800000;\">Piedra artificial , granito, m\u00e1rmol.<\/span><\/strong><\/p>\n<p style=\"text-align: left;\"><strong><span style=\"color: #800000;\">Fontaner\u00eda, calefacci\u00f3n, gas, electricidad, porteros autom\u00e1ticos.<\/span><\/strong><\/p>\n<p style=\"text-align: left;\"><strong><span style=\"color: #800000;\">Pintura en gota, liso, stuco, lacada, arena, esmalte.<\/span><\/strong><\/p>\n<p style=\"text-align: left;\"><strong><span style=\"color: #800000;\">Ventanas, puertas, frentes de armario en madera.<\/span><\/strong><\/p>\n<p style=\"text-align: left;\"><strong><span style=\"color: #800000;\">Ventanas, puertas, frentes y cerramientos en aluminio.<\/span><\/strong><\/p>\n<p style=\"text-align: left;\"><strong><span style=\"color: #800000;\">Aire Acondicionado por split o por conductos.<\/span><\/strong><\/p>\n<p style=\"text-align: left;\"><strong><span class=\"goog-text-highlight\" style=\"color: #800000;\">Parquet, tarima, acuchillado, barnizado.<\/span><\/strong><\/p>\n<p style=\"text-align: left;\"><strong><span style=\"color: #800000;\">Pocer\u00eda, bajadas, Generales etc.<\/span><\/strong><\/p>\n<p style=\"text-align: left;\"><a href=\"http:\/\/reformasherrero.com\/wp-content\/uploads\/2015\/02\/cropped-logotipo1.jpg\"><img loading=\"lazy\" decoding=\"async\" class=\"alignnone  wp-image-174\" src=\"http:\/\/reformasherrero.com\/wp-content\/uploads\/2015\/02\/cropped-logotipo1.jpg\" alt=\"cropped-logotipo1.jpg\" width=\"490\" height=\"124\" srcset=\"http:\/\/reformasherrero.com\/wp-content\/uploads\/2015\/02\/cropped-logotipo1.jpg 870w, http:\/\/reformasherrero.com\/wp-content\/uploads\/2015\/02\/cropped-logotipo1-300x76.jpg 300w, http:\/\/reformasherrero.com\/wp-content\/uploads\/2015\/02\/cropped-logotipo1-588x149.jpg 588w\" sizes=\"(max-width: 490px) 100vw, 490px\" \/><\/a><\/p>\n<p style=\"text-align: left;\"><strong>Tlf: 669 79 08 16<\/strong><\/p>\n<p><strong>E-mail: jose@reformasherrero.com<\/strong><\/p>\n<\/div><\/div>\n","protected":false},"excerpt":{"rendered":"<p>Tlf: 669 79 08 16 E-mail: jose@reformasherrero.com PRESUPUESTO SIN COMPROMISO Alba\u00f1iler\u00eda en general. Solados, alicatados, rectificados, yesos, enfoscado, tabiques, escayola plancha. Moldura escayola, murales escayola, pladur en techos y paredes. Piedra artificial , granito, m\u00e1rmol. Fontaner\u00eda, calefacci\u00f3n, gas, electricidad, porteros autom\u00e1ticos. Pintura en gota, liso, stuco, lacada, arena, esmalte. Ventanas, puertas, frentes de armario en madera. Ventanas, puertas, frentes y cerramientos en aluminio. Aire Acondicionado por split o por conductos. Parquet, tarima, acuchillado, barnizado. Pocer\u00eda, bajadas, Generales etc. Tlf: 669&#8230;<\/p>\n<p class=\"read-more\"><a class=\"btn btn-default\" href=\"http:\/\/reformasherrero.com\/\"> Leer m\u00e1s<span class=\"screen-reader-text\">  Leer m\u00e1s<\/span><\/a><\/p>\n","protected":false},"author":1,"featured_media":0,"parent":0,"menu_order":1,"comment_status":"closed","ping_status":"closed","template":"","meta":{"footnotes":""},"_links":{"self":[{"href":"http:\/\/reformasherrero.com\/index.php?rest_route=\/wp\/v2\/pages\/16"}],"collection":[{"href":"http:\/\/reformasherrero.com\/index.php?rest_route=\/wp\/v2\/pages"}],"about":[{"href":"http:\/\/reformasherrero.com\/index.php?rest_route=\/wp\/v2\/types\/page"}],"author":[{"embeddable":true,"href":"http:\/\/reformasherrero.com\/index.php?rest_route=\/wp\/v2\/users\/1"}],"replies":[{"embeddable":true,"href":"http:\/\/reformasherrero.com\/index.php?rest_route=%2Fwp%2Fv2%2Fcomments&post=16"}],"version-history":[{"count":38,"href":"http:\/\/reformasherrero.com\/index.php?rest_route=\/wp\/v2\/pages\/16\/revisions"}],"predecessor-version":[{"id":460,"href":"http:\/\/reformasherrero.com\/index.php?rest_route=\/wp\/v2\/pages\/16\/revisions\/460"}],"wp:attachment":[{"href":"http:\/\/reformasherrero.com\/index.php?rest_route=%2Fwp%2Fv2%2Fmedia&parent=16"}],"curies":[{"name":"wp","href":"https:\/\/api.w.org\/{rel}","templated":true}]}}