{"id":252,"date":"2015-02-05T08:33:23","date_gmt":"2015-02-05T08:33:23","guid":{"rendered":"http:\/\/reformasherrero.com\/?page_id=252"},"modified":"2020-07-11T18:06:12","modified_gmt":"2020-07-11T18:06:12","slug":"galeria-introducion","status":"publish","type":"page","link":"http:\/\/reformasherrero.com\/?page_id=252","title":{"rendered":"GALERIA"},"content":{"rendered":"\n<div class=\"wp-block-group\"><div class=\"wp-block-group__inner-container is-layout-flow wp-block-group-is-layout-flow\">\n<p>Todas las fotograf\u00edas est\u00e1n colocadas seg\u00fan se realizan los trabajos, para poder mostrarles que son trabajos realizados por nosotros, que no son fotograf\u00edas bajadas de la web de otras empresas, nuestros trabajos son realizados por profesionales en todas sus categor\u00edas y est\u00e1n garantizados.<\/p>\n<p>Si usted lo desea, le creamos un proyecto de decoraci\u00f3n y arquitectura.<\/p>\n<\/div><\/div>\n\n\n\n<figure class=\"wp-block-gallery columns-3 is-cropped wp-block-gallery-1 is-layout-flex wp-block-gallery-is-layout-flex\"><ul class=\"blocks-gallery-grid\"><li class=\"blocks-gallery-item\"><figure><img loading=\"lazy\" decoding=\"async\" width=\"600\" height=\"800\" src=\"http:\/\/reformasherrero.com\/wp-content\/uploads\/2015\/02\/211.jpg\" alt=\"\" data-id=\"201\" data-full-url=\"http:\/\/reformasherrero.com\/wp-content\/uploads\/2015\/02\/211.jpg\" data-link=\"http:\/\/reformasherrero.com\/?attachment_id=201\" class=\"wp-image-201\" srcset=\"http:\/\/reformasherrero.com\/wp-content\/uploads\/2015\/02\/211.jpg 600w, http:\/\/reformasherrero.com\/wp-content\/uploads\/2015\/02\/211-225x300.jpg 225w, http:\/\/reformasherrero.com\/wp-content\/uploads\/2015\/02\/211-588x784.jpg 588w\" sizes=\"(max-width: 600px) 100vw, 600px\" \/><\/figure><\/li><li class=\"blocks-gallery-item\"><figure><img loading=\"lazy\" decoding=\"async\" width=\"1024\" height=\"576\" src=\"http:\/\/reformasherrero.com\/wp-content\/uploads\/2016\/09\/10-terraza-1024x576.jpg\" alt=\"\" data-id=\"370\" data-full-url=\"http:\/\/reformasherrero.com\/wp-content\/uploads\/2016\/09\/10-terraza.jpg\" data-link=\"http:\/\/reformasherrero.com\/?attachment_id=370\" class=\"wp-image-370\" srcset=\"http:\/\/reformasherrero.com\/wp-content\/uploads\/2016\/09\/10-terraza-1024x576.jpg 1024w, http:\/\/reformasherrero.com\/wp-content\/uploads\/2016\/09\/10-terraza-300x169.jpg 300w, http:\/\/reformasherrero.com\/wp-content\/uploads\/2016\/09\/10-terraza-768x432.jpg 768w, http:\/\/reformasherrero.com\/wp-content\/uploads\/2016\/09\/10-terraza-588x331.jpg 588w\" sizes=\"(max-width: 1024px) 100vw, 1024px\" \/><\/figure><\/li><li class=\"blocks-gallery-item\"><figure><img loading=\"lazy\" decoding=\"async\" width=\"800\" height=\"600\" src=\"http:\/\/reformasherrero.com\/wp-content\/uploads\/2015\/02\/1-28.jpg\" alt=\"\" data-id=\"304\" data-full-url=\"http:\/\/reformasherrero.com\/wp-content\/uploads\/2015\/02\/1-28.jpg\" data-link=\"http:\/\/reformasherrero.com\/?attachment_id=304\" class=\"wp-image-304\" srcset=\"http:\/\/reformasherrero.com\/wp-content\/uploads\/2015\/02\/1-28.jpg 800w, http:\/\/reformasherrero.com\/wp-content\/uploads\/2015\/02\/1-28-300x225.jpg 300w, http:\/\/reformasherrero.com\/wp-content\/uploads\/2015\/02\/1-28-588x441.jpg 588w\" sizes=\"(max-width: 800px) 100vw, 800px\" \/><\/figure><\/li><li class=\"blocks-gallery-item\"><figure><img loading=\"lazy\" decoding=\"async\" width=\"600\" height=\"800\" src=\"http:\/\/reformasherrero.com\/wp-content\/uploads\/2015\/02\/cocina-14.jpg\" alt=\"\" data-id=\"218\" data-full-url=\"http:\/\/reformasherrero.com\/wp-content\/uploads\/2015\/02\/cocina-14.jpg\" data-link=\"http:\/\/reformasherrero.com\/?attachment_id=218\" class=\"wp-image-218\" srcset=\"http:\/\/reformasherrero.com\/wp-content\/uploads\/2015\/02\/cocina-14.jpg 600w, http:\/\/reformasherrero.com\/wp-content\/uploads\/2015\/02\/cocina-14-225x300.jpg 225w, http:\/\/reformasherrero.com\/wp-content\/uploads\/2015\/02\/cocina-14-588x784.jpg 588w\" sizes=\"(max-width: 600px) 100vw, 600px\" \/><\/figure><\/li><\/ul><\/figure>\n\n\n\n<h3 class=\"wp-block-heading\"><strong>REFORMAS HERRERO<\/strong><\/h3>\n\n\n\n<p>jose@reformasherrero.com<\/p>\n\n\n\n<p>669 79 08 16<\/p>\n","protected":false},"excerpt":{"rendered":"<p>Todas las fotograf\u00edas est\u00e1n colocadas seg\u00fan se realizan los trabajos, para poder mostrarles que son trabajos realizados por nosotros, que no son fotograf\u00edas bajadas de la web de otras empresas, nuestros trabajos son realizados por profesionales en todas sus categor\u00edas y est\u00e1n garantizados. Si usted lo desea, le creamos un proyecto de decoraci\u00f3n y arquitectura. REFORMAS HERRERO jose@reformasherrero.com 669 79 08 16<\/p>\n","protected":false},"author":1,"featured_media":0,"parent":0,"menu_order":0,"comment_status":"closed","ping_status":"closed","template":"","meta":{"footnotes":""},"_links":{"self":[{"href":"http:\/\/reformasherrero.com\/index.php?rest_route=\/wp\/v2\/pages\/252"}],"collection":[{"href":"http:\/\/reformasherrero.com\/index.php?rest_route=\/wp\/v2\/pages"}],"about":[{"href":"http:\/\/reformasherrero.com\/index.php?rest_route=\/wp\/v2\/types\/page"}],"author":[{"embeddable":true,"href":"http:\/\/reformasherrero.com\/index.php?rest_route=\/wp\/v2\/users\/1"}],"replies":[{"embeddable":true,"href":"http:\/\/reformasherrero.com\/index.php?rest_route=%2Fwp%2Fv2%2Fcomments&post=252"}],"version-history":[{"count":6,"href":"http:\/\/reformasherrero.com\/index.php?rest_route=\/wp\/v2\/pages\/252\/revisions"}],"predecessor-version":[{"id":407,"href":"http:\/\/reformasherrero.com\/index.php?rest_route=\/wp\/v2\/pages\/252\/revisions\/407"}],"wp:attachment":[{"href":"http:\/\/reformasherrero.com\/index.php?rest_route=%2Fwp%2Fv2%2Fmedia&parent=252"}],"curies":[{"name":"wp","href":"https:\/\/api.w.org\/{rel}","templated":true}]}}